{"id":4159,"date":"2025-03-16T11:28:10","date_gmt":"2025-03-16T10:28:10","guid":{"rendered":"https:\/\/tuzpartner.hu\/?page_id=4159"},"modified":"2025-07-08T21:03:18","modified_gmt":"2025-07-08T19:03:18","slug":"suti-tajekoztato","status":"publish","type":"page","link":"https:\/\/tuzpartner.hu\/de\/suti-tajekoztato\/","title":{"rendered":"Cookie-suti-tajekoztato"},"content":{"rendered":"<div data-elementor-type=\"wp-page\" data-elementor-id=\"4159\" class=\"elementor elementor-4159\" data-elementor-post-type=\"page\">\n\t\t\t\t<div class=\"elementor-element elementor-element-b67c932 e-flex e-con-boxed e-con e-parent\" data-id=\"b67c932\" data-element_type=\"container\" data-e-type=\"container\" data-settings=\"{&quot;jet_parallax_layout_list&quot;:[],&quot;tc_container_hover_selector&quot;:&quot;container&quot;,&quot;tc_container_background_parallax&quot;:&quot;no&quot;,&quot;tcg_advanced_hover&quot;:&quot;no&quot;,&quot;tc_dark_mode_responsive_hide_in_dark&quot;:&quot;no&quot;,&quot;tc_dark_mode_responsive_hide_in_light&quot;:&quot;no&quot;}\">\n\t\t\t\t\t<div class=\"e-con-inner\">\n\t\t\t\t<div class=\"elementor-element elementor-element-31d0776 elementor-widget elementor-widget-heading\" data-id=\"31d0776\" data-element_type=\"widget\" data-e-type=\"widget\" data-settings=\"{&quot;tc_dark_mode_responsive_hide_in_dark&quot;:&quot;no&quot;,&quot;tc_dark_mode_responsive_hide_in_light&quot;:&quot;no&quot;}\" data-widget_type=\"heading.default\">\n\t\t\t\t<div class=\"elementor-widget-container\">\n\t\t\t\t\t<h2 class=\"elementor-heading-title elementor-size-default\">Cookie-Hinweis<\/h2>\t\t\t\t<\/div>\n\t\t\t\t<\/div>\n\t\t\t\t\t<\/div>\n\t\t\t\t<\/div>\n\t\t<div class=\"elementor-element elementor-element-3b7f103 e-con-full e-flex e-con e-parent\" data-id=\"3b7f103\" data-element_type=\"container\" data-e-type=\"container\" data-settings=\"{&quot;jet_parallax_layout_list&quot;:[],&quot;tc_container_hover_selector&quot;:&quot;container&quot;,&quot;tc_container_background_parallax&quot;:&quot;no&quot;,&quot;tcg_advanced_hover&quot;:&quot;no&quot;,&quot;tc_dark_mode_responsive_hide_in_dark&quot;:&quot;no&quot;,&quot;tc_dark_mode_responsive_hide_in_light&quot;:&quot;no&quot;}\">\n\t\t<div class=\"elementor-element elementor-element-d4ebecc e-flex e-con-boxed e-con e-child\" data-id=\"d4ebecc\" data-element_type=\"container\" data-e-type=\"container\" data-settings=\"{&quot;jet_parallax_layout_list&quot;:[],&quot;tc_container_hover_selector&quot;:&quot;container&quot;,&quot;tc_container_background_parallax&quot;:&quot;no&quot;,&quot;tcg_advanced_hover&quot;:&quot;no&quot;,&quot;tc_dark_mode_responsive_hide_in_dark&quot;:&quot;no&quot;,&quot;tc_dark_mode_responsive_hide_in_light&quot;:&quot;no&quot;}\">\n\t\t\t\t\t<div class=\"e-con-inner\">\n\t\t\t\t<div class=\"elementor-element elementor-element-ad89de0 elementor-widget elementor-widget-text-editor\" data-id=\"ad89de0\" data-element_type=\"widget\" data-e-type=\"widget\" data-settings=\"{&quot;tc_dark_mode_responsive_hide_in_dark&quot;:&quot;no&quot;,&quot;tc_dark_mode_responsive_hide_in_light&quot;:&quot;no&quot;}\" data-widget_type=\"text-editor.default\">\n\t\t\t\t<div class=\"elementor-widget-container\">\n\t\t\t\t\t\t\t\t\t<p><strong>Cookie-Verwaltung<\/strong><\/p><p>Die\u00a0<strong>https:\/\/tuzpartner.hu\/<\/strong>\u00a0webseite verwendet Cookies, um den Betrieb der Webseite zu gew\u00e4hrleisten, die Nutzung zu erleichtern, die auf der Webseite durchgef\u00fchrten Aktivit\u00e4ten zu verfolgen und relevante Angebote anzuzeigen<\/p><p>Bitte lesen Sie das Dokument sorgf\u00e4ltig durch und nutzen Sie die Dienste der Webseite nur, wenn Sie mit allen Punkten einverstanden sind und diese f\u00fcr Sie (im Folgenden: Nutzer) verbindlich akzeptieren. Wir weisen darauf hin, dass diese Richtlinie ausschlie\u00dflich die Cookie-Verwaltung auf der jeweiligen Webseite betrifft.<\/p><p><strong>Was ist ein Cookie?<\/strong><\/p><p>Ein Cookie ist ein kleines Datenpaket, das von Internetdiensten im Browser gespeichert wird. Es ist eine unverzichtbare Technologie f\u00fcr den Betrieb moderner und effizienter Online-Dienste, die ein optimales Benutzererlebnis bieten, und wird heutzutage von allen Browsern unterst\u00fctzt.<\/p><p><strong>Wie entsteht ein Cookie?<\/strong><\/p><p>Zuerst sendet der Client-Rechner eine Anfrage an den Server. Daraufhin erstellt der Server eine eindeutige Kennung und speichert diese in seiner eigenen Datenbank. Anschlie\u00dfend sendet der Server den so erzeugten Cookie mit allen Informationen an den Client zur\u00fcck. Der empfangene Informations-Cookie wird auf dem Client-Rechner gespeichert.<\/p><p><strong>Wie wird ein Cookie genutzt?<\/strong><\/p><p>Wenn der Client-Rechner erneut eine Verbindung mit dem Server herstellt, wird der zuvor erstellte und gespeicherte Cookie \u00fcbermittelt. Der Server vergleicht den empfangenen Cookie mit dem in seiner Datenbank gespeicherten Cookie-Inhalt. Dadurch kann er beispielsweise den angemeldeten, registrierten Benutzer einfach identifizieren. Ohne diesen Mechanismus w\u00e4re es beispielsweise nicht m\u00f6glich, sich auf einer Webseite einzuloggen.<\/p><p><strong>Welche Cookies verwendet die Webseite und wof\u00fcr werden sie genutzt?<\/strong><\/p><p><strong>\u00a0<\/strong>Die Webseite verwendet Cookies f\u00fcr folgende Zwecke<\/p><ul><li>die Weiterentwicklung unserer Webseite<\/li><li>zur Erleichterung Ihrer Navigation auf unserer Webseite und bei der Nutzung der Seitenfunktionen, um so ein reibungsloses Nutzererlebnis zu gew\u00e4hrleisten,<\/li><li>Sammeln von Informationen dar\u00fcber, wie Sie unsere Webseite nutzen \u2013 indem ermittelt wird, welche Bereiche unserer Webseite Sie am h\u00e4ufigsten besuchen oder verwenden, damit wir Ihnen bei einem erneuten Besuch ein noch besseres Nutzererlebnis bieten k\u00f6nnen,<\/li><li>Wir k\u00f6nnen erfahren, wie wir das Nutzererlebnis noch besser gestalten k\u00f6nnen, wenn Sie unsere Webseite erneut besuchen.<\/li><li>Platzierung gezielter Werbung auf anderen Webseiten<\/li><li>Unterscheidung und Identifikation von Browsernutzern<\/li><li>Zur Nachverfolgung der auf der Webseite durchgef\u00fchrten Aktivit\u00e4ten, damit wir Ihnen gezielt Nachrichten \u00fcber f\u00fcr Sie interessante oder wichtige und relevante Angebote zukommen lassen k\u00f6nnen.<\/li><\/ul><p><strong>Die Arten von Cookies<\/strong><\/p><p><strong><u>Cookies f\u00fcr die\u00a0<\/u>Grundfunktionalit\u00e4t:<\/strong><\/p><p>Diese Cookies gew\u00e4hrleisten die ordnungsgem\u00e4\u00dfe Funktion der Webseite, erleichtern deren Nutzung und sammeln Informationen \u00fcber die Nutzung, ohne unsere Besucher zu identifizieren.<\/p><p>Dazu geh\u00f6ren zum Beispiel das Speichern der Werte bei der Nutzung von Taschenrechnern, der Status der Zustimmung zur Cookie-Verwaltung, die Speicherung von Anmeldemethoden und -daten, der Status von Webseiten-Benachrichtigungen sowie der eingeschr\u00e4nkte Funktionsumfang des Google Analytics-Codes.<\/p><p>Bitte beachten Sie, dass wir ohne den Einsatz dieser Cookies keine komfortable Nutzung unserer Webseite garantieren k\u00f6nnen.<\/p><p>Cookies zu statistischen Zwecken<\/p><p>Zur Weiterentwicklung unserer Webseite und zur Verbesserung der Nutzererfahrung verwenden wir auch Cookies, die es uns erm\u00f6glichen, Informationen dar\u00fcber zu sammeln, wie unsere Besucher unsere Webseite nutzen. Diese Cookies k\u00f6nnen Sie nicht pers\u00f6nlich identifizieren, sondern erfassen Informationen wie z. B., welche Seiten ein Besucher angesehen hat, auf welche Bereiche der Webseite er geklickt hat, wie viele Seiten er besucht hat, wie lange die einzelnen Sitzungen dauerten und welche eventuellen Fehlermeldungen aufgetreten sind.<\/p><p><strong>Leistungs-Cookies<\/strong><\/p><p data-start=\"832\" data-end=\"1163\">Zu den Leistungs-Cookies geh\u00f6ren auch die Google Analytics-Cookies. F\u00fcr weitere Informationen zu den Google Analytics-Cookies klicken Sie bitte hier:<br data-start=\"984\" data-end=\"987\" \/><a class=\"\" href=\"https:\/\/developers.google.com\/analytics\/devguides\/collection\/analyticsjs\/cookie-usage\" target=\"_new\" rel=\"noopener\" data-start=\"989\" data-end=\"1163\">https:\/\/developers.google.com\/analytics\/devguides\/collection\/analyticsjs\/cookie-usage<\/a><\/p><p data-start=\"1168\" data-end=\"1377\">Der Dienst Google Optimize wurde im September 2023 eingestellt. F\u00fcr Archivinformationen klicken Sie bitte hier:<br data-start=\"1266\" data-end=\"1269\" \/><a class=\"cursor-pointer\" target=\"_new\" rel=\"noopener\" data-start=\"1271\" data-end=\"1377\">https:\/\/support.google.com\/optimize\/answer\/10062485<\/a><\/p><p><strong>Targeting- und Werbe-Cookies:<\/strong><\/p><p>Ziel dieser Cookies ist es, Ihnen noch gezielter Werbung anzuzeigen, die f\u00fcr Sie interessant oder relevant ist. Diese Cookies k\u00f6nnen Sie ohne Ihre Zustimmung nicht pers\u00f6nlich identifizieren, sondern sammeln Informationen dar\u00fcber, welche Seiten unser Besucher angesehen hat, auf welche Bereiche der Webseite er geklickt hat, wie viele Seiten besucht wurden \u2013 all dies, um Inhalte zu erkennen, die Ihrem Interesse entsprechen.<\/p><p>Sofern Sie dem jedoch zugestimmt haben, k\u00f6nnen die w\u00e4hrend der Nutzung der Webseite gesammelten Informationen gemeinsam mit Ihren pers\u00f6nlichen Daten verwendet werden, um unsere Marketingkommunikation noch besser auf Ihre Bed\u00fcrfnisse abzustimmen und Sie auf m\u00f6glichst personalisierte Angebote aufmerksam zu machen.<\/p><p><strong>Auf unserer Webseite verwenden wir die Werbe-Cookies der folgenden Anbieter:<\/strong><\/p><p><strong>Google Adwords<\/strong><\/p><p>Detaillierte Informationen zum Service sind \u00fcber den folgenden Link verf\u00fcgbar:<a href=\"http:\/\/www.google.com\/intl\/hu\/policies\/privacy\">www.google.com\/intl\/hu\/policies\/privacy<\/a><\/p><p><strong>Facebook<\/strong><\/p><p>Detaillierte Informationen zum Service sind \u00fcber den folgenden Link verf\u00fcgbar:<a href=\"http:\/\/www.facebook.com\/help\/cookies\/\">www.facebook.com\/help\/cookies\/<\/a><\/p><p><strong>Doubleclick<\/strong><\/p><p>Detaillierte Informationen zum Service sind \u00fcber den folgenden Link verf\u00fcgbar:<a href=\"http:\/\/www.google.com\/intl\/hu\/policies\/privacy\">www.google.com\/intl\/hu\/policies\/privacy<\/a><\/p><p><strong>Instagram<\/strong><\/p><p>Detaillierte Informationen zum Service sind \u00fcber den folgenden Link verf\u00fcgbar:\u00a0<a href=\"https:\/\/help.instagram.com\/402411646841720\">https:\/\/help.instagram.com\/402411646841720<\/a><\/p><p><strong>Wie k\u00f6nnen Sie Cookies \u00fcberpr\u00fcfen und deaktivieren?<\/strong><\/p><p>Alle modernen Browser erm\u00f6glichen es, die Cookie-Einstellungen zu \u00e4ndern. Die meisten Browser akzeptieren Cookies standardm\u00e4\u00dfig automatisch, doch diese Einstellungen k\u00f6nnen in der Regel ge\u00e4ndert werden. So kann der Browser die automatische Annahme verhindern und bei jedem Besuch die M\u00f6glichkeit anbieten, zu entscheiden, ob Cookies zugelassen werden sollen.<\/p><p>Wir weisen Sie darauf hin, dass die Verhinderung oder L\u00f6schung von Cookies, deren Zweck die Erleichterung oder Erm\u00f6glichung der Nutzung und Abl\u00e4ufe auf unserer Webseite ist, dazu f\u00fchren kann, dass bestimmte Funktionen der Webseite nicht mehr ordnungsgem\u00e4\u00df genutzt werden k\u00f6nnen.<\/p><p>Es kann vorkommen, dass Sie die Funktionen unserer Webseite nicht vollst\u00e4ndig nutzen k\u00f6nnen und dass die Webseite in Ihrem Browser anders funktioniert als geplant.<\/p><p><strong>Informationen zu den Cookie-Einstellungen der beliebtesten Browser finden Sie unter den folgenden Links:<\/strong><\/p><ul><li><a href=\"https:\/\/support.google.com\/accounts\/answer\/61416?hl=hu\">Google Chrome<\/a><\/li><li><a href=\"https:\/\/support.mozilla.org\/hu\/kb\/sutik-informacio-amelyet-weboldalak-tarolnak-szami\">Firefox<\/a><\/li><li><a href=\"https:\/\/support.microsoft.com\/hu-hu\/help\/17442\/windows-internet-explorer-delete-manage-cookies#ie%3Die-11\">Microsoft Internet Explorer<\/a><\/li><li><a href=\"https:\/\/privacy.microsoft.com\/hu-hu\/windows-10-microsoft-edge-and-privacy\">Microsoft Edge<\/a><\/li><li><a href=\"https:\/\/support.apple.com\/hu-hu\/guide\/safari\/manage-cookies-and-website-data-sfri11471\/mac\">Safari<\/a><\/li><\/ul>\t\t\t\t\t\t\t\t<\/div>\n\t\t\t\t<\/div>\n\t\t\t\t\t<\/div>\n\t\t\t\t<\/div>\n\t\t<div class=\"elementor-element elementor-element-d450e31 e-con-full e-flex e-con e-child\" data-id=\"d450e31\" data-element_type=\"container\" data-e-type=\"container\" data-settings=\"{&quot;position&quot;:&quot;absolute&quot;,&quot;jet_parallax_layout_list&quot;:[],&quot;tc_container_hover_selector&quot;:&quot;container&quot;,&quot;tc_container_background_parallax&quot;:&quot;no&quot;,&quot;tcg_advanced_hover&quot;:&quot;no&quot;,&quot;tc_dark_mode_responsive_hide_in_light&quot;:&quot;no&quot;}\">\n\t\t<div class=\"elementor-element elementor-element-70e36c9 e-con-full e-flex e-con e-child\" data-id=\"70e36c9\" data-element_type=\"container\" data-e-type=\"container\" data-settings=\"{&quot;jet_parallax_layout_list&quot;:[],&quot;tc_container_hover_selector&quot;:&quot;container&quot;,&quot;tc_container_background_parallax&quot;:&quot;no&quot;,&quot;tcg_advanced_hover&quot;:&quot;no&quot;,&quot;tc_dark_mode_responsive_hide_in_dark&quot;:&quot;no&quot;,&quot;tc_dark_mode_responsive_hide_in_light&quot;:&quot;no&quot;}\">\n\t\t\t\t<\/div>\n\t\t<div class=\"elementor-element elementor-element-6d9d3f9 e-con-full e-flex e-con e-child\" data-id=\"6d9d3f9\" data-element_type=\"container\" data-e-type=\"container\" data-settings=\"{&quot;jet_parallax_layout_list&quot;:[],&quot;tc_container_hover_selector&quot;:&quot;container&quot;,&quot;tc_container_background_parallax&quot;:&quot;no&quot;,&quot;tcg_advanced_hover&quot;:&quot;no&quot;,&quot;tc_dark_mode_responsive_hide_in_dark&quot;:&quot;no&quot;,&quot;tc_dark_mode_responsive_hide_in_light&quot;:&quot;no&quot;}\">\n\t\t\t\t<\/div>\n\t\t\t\t<\/div>\n\t\t\t\t<\/div>\n\t\t\t\t<\/div>","protected":false},"excerpt":{"rendered":"<p>S\u00fctik (cookie) t\u00e1j\u00e9koztat\u00f3 S\u00fctik (cookie) kezel\u00e9se A(z)\u00a0https:\/\/tuzpartner.hu\/\u00a0weboldala s\u00fctiket haszn\u00e1l a weboldal m\u0171k\u00f6dtet\u00e9se, haszn\u00e1lat\u00e1nak megk\u00f6nny\u00edt\u00e9se, a weboldalon v\u00e9gzett tev\u00e9kenys\u00e9g nyomon k\u00f6vet\u00e9se \u00e9s relev\u00e1ns aj\u00e1nlatok megjelen\u00edt\u00e9se \u00e9rdek\u00e9ben. K\u00e9rj\u00fck, hogy a dokumentumot figyelmesen olvassa el \u00e9s csak akkor vegye ig\u00e9nybe a weboldal szolg\u00e1ltat\u00e1sait, amennyiben minden pontj\u00e1val egyet\u00e9rt \u00e9s azokat \u00d6nre (a tov\u00e1bbiakban: Felhaszn\u00e1l\u00f3) n\u00e9zve k\u00f6telez\u0151 \u00e9rv\u00e9ny\u0171nek elfogadja. Felh\u00edvjuk figyelm\u00e9t, hogy jelen szab\u00e1lyzat csak &hellip;<\/p>","protected":false},"author":1,"featured_media":0,"parent":0,"menu_order":0,"comment_status":"closed","ping_status":"closed","template":"blank-builder.php","meta":{"inline_featured_image":false,"footnotes":""},"class_list":["post-4159","page","type-page","status-publish","hentry"],"yoast_head":"<!-- This site is optimized with the Yoast SEO Premium plugin v27.5 (Yoast SEO v27.5) - https:\/\/yoast.com\/product\/yoast-seo-premium-wordpress\/ -->\n<title>T\u0171z-partner s\u00fcti t\u00e1j\u00e9koztat\u00f3<\/title>\n<meta name=\"description\" content=\"Ismerje meg, hogyan haszn\u00e1ljuk a s\u00fctiket weboldalunkon a jobb felhaszn\u00e1l\u00f3i \u00e9lm\u00e9ny \u00e9rdek\u00e9ben. T\u00e1j\u00e9koztat\u00e1s a s\u00fctik t\u00edpusair\u00f3l, kezel\u00e9s\u00e9r\u0151l \u00e9s adatv\u00e9delmi szab\u00e1lyzatunkr\u00f3l.\" \/>\n<meta name=\"robots\" content=\"index, follow, max-snippet:-1, max-image-preview:large, max-video-preview:-1\" \/>\n<link rel=\"canonical\" href=\"https:\/\/tuzpartner.hu\/de\/suti-tajekoztato\/\" \/>\n<meta property=\"og:locale\" content=\"de_DE\" \/>\n<meta property=\"og:type\" content=\"article\" \/>\n<meta property=\"og:title\" content=\"Cookie-suti-tajekoztato\" \/>\n<meta property=\"og:description\" content=\"Ismerje meg, hogyan haszn\u00e1ljuk a s\u00fctiket weboldalunkon a jobb felhaszn\u00e1l\u00f3i \u00e9lm\u00e9ny \u00e9rdek\u00e9ben. T\u00e1j\u00e9koztat\u00e1s a s\u00fctik t\u00edpusair\u00f3l, kezel\u00e9s\u00e9r\u0151l \u00e9s adatv\u00e9delmi szab\u00e1lyzatunkr\u00f3l.\" \/>\n<meta property=\"og:url\" content=\"https:\/\/tuzpartner.hu\/de\/suti-tajekoztato\/\" \/>\n<meta property=\"og:site_name\" content=\"T\u0171z-Partner\" \/>\n<meta property=\"article:modified_time\" content=\"2025-07-08T19:03:18+00:00\" \/>\n<meta name=\"twitter:card\" content=\"summary_large_image\" \/>\n<meta name=\"twitter:label1\" content=\"Gesch\u00e4tzte Lesezeit\" \/>\n\t<meta name=\"twitter:data1\" content=\"5\u00a0Minuten\" \/>\n<script type=\"application\/ld+json\" class=\"yoast-schema-graph\">{\"@context\":\"https:\\\/\\\/schema.org\",\"@graph\":[{\"@type\":\"WebPage\",\"@id\":\"https:\\\/\\\/tuzpartner.hu\\\/suti-tajekoztato\\\/\",\"url\":\"https:\\\/\\\/tuzpartner.hu\\\/suti-tajekoztato\\\/\",\"name\":\"T\u0171z-partner s\u00fcti t\u00e1j\u00e9koztat\u00f3\",\"isPartOf\":{\"@id\":\"https:\\\/\\\/tuzpartner.hu\\\/#website\"},\"datePublished\":\"2025-03-16T10:28:10+00:00\",\"dateModified\":\"2025-07-08T19:03:18+00:00\",\"description\":\"Ismerje meg, hogyan haszn\u00e1ljuk a s\u00fctiket weboldalunkon a jobb felhaszn\u00e1l\u00f3i \u00e9lm\u00e9ny \u00e9rdek\u00e9ben. T\u00e1j\u00e9koztat\u00e1s a s\u00fctik t\u00edpusair\u00f3l, kezel\u00e9s\u00e9r\u0151l \u00e9s adatv\u00e9delmi szab\u00e1lyzatunkr\u00f3l.\",\"breadcrumb\":{\"@id\":\"https:\\\/\\\/tuzpartner.hu\\\/suti-tajekoztato\\\/#breadcrumb\"},\"inLanguage\":\"de\",\"potentialAction\":[{\"@type\":\"ReadAction\",\"target\":[\"https:\\\/\\\/tuzpartner.hu\\\/suti-tajekoztato\\\/\"]}]},{\"@type\":\"BreadcrumbList\",\"@id\":\"https:\\\/\\\/tuzpartner.hu\\\/suti-tajekoztato\\\/#breadcrumb\",\"itemListElement\":[{\"@type\":\"ListItem\",\"position\":1,\"name\":\"Kezd\u0151lap\",\"item\":\"https:\\\/\\\/tuzpartner.hu\\\/\"},{\"@type\":\"ListItem\",\"position\":2,\"name\":\"Cookie-suti-tajekoztato\"}]},{\"@type\":\"WebSite\",\"@id\":\"https:\\\/\\\/tuzpartner.hu\\\/#website\",\"url\":\"https:\\\/\\\/tuzpartner.hu\\\/\",\"name\":\"tp-house\",\"description\":\"T\u0171z-Partner \u2013 Min\u0151s\u00e9g ami \u00f6sszek\u00f6t...\",\"publisher\":{\"@id\":\"https:\\\/\\\/tuzpartner.hu\\\/#organization\"},\"potentialAction\":[{\"@type\":\"SearchAction\",\"target\":{\"@type\":\"EntryPoint\",\"urlTemplate\":\"https:\\\/\\\/tuzpartner.hu\\\/?s={search_term_string}\"},\"query-input\":{\"@type\":\"PropertyValueSpecification\",\"valueRequired\":true,\"valueName\":\"search_term_string\"}}],\"inLanguage\":\"de\"},{\"@type\":\"Organization\",\"@id\":\"https:\\\/\\\/tuzpartner.hu\\\/#organization\",\"name\":\"tp-house\",\"url\":\"https:\\\/\\\/tuzpartner.hu\\\/\",\"logo\":{\"@type\":\"ImageObject\",\"inLanguage\":\"de\",\"@id\":\"https:\\\/\\\/tuzpartner.hu\\\/#\\\/schema\\\/logo\\\/image\\\/\",\"url\":\"https:\\\/\\\/tuzpartner.hu\\\/wp-content\\\/uploads\\\/2025\\\/06\\\/cropped-logo360xy__1_-removebg-preview.png\",\"contentUrl\":\"https:\\\/\\\/tuzpartner.hu\\\/wp-content\\\/uploads\\\/2025\\\/06\\\/cropped-logo360xy__1_-removebg-preview.png\",\"width\":512,\"height\":512,\"caption\":\"tp-house\"},\"image\":{\"@id\":\"https:\\\/\\\/tuzpartner.hu\\\/#\\\/schema\\\/logo\\\/image\\\/\"}}]}<\/script>\n<!-- \/ Yoast SEO Premium plugin. -->","yoast_head_json":{"title":"T\u0171z-partner s\u00fcti t\u00e1j\u00e9koztat\u00f3","description":"Ismerje meg, hogyan haszn\u00e1ljuk a s\u00fctiket weboldalunkon a jobb felhaszn\u00e1l\u00f3i \u00e9lm\u00e9ny \u00e9rdek\u00e9ben. T\u00e1j\u00e9koztat\u00e1s a s\u00fctik t\u00edpusair\u00f3l, kezel\u00e9s\u00e9r\u0151l \u00e9s adatv\u00e9delmi szab\u00e1lyzatunkr\u00f3l.","robots":{"index":"index","follow":"follow","max-snippet":"max-snippet:-1","max-image-preview":"max-image-preview:large","max-video-preview":"max-video-preview:-1"},"canonical":"https:\/\/tuzpartner.hu\/de\/suti-tajekoztato\/","og_locale":"de_DE","og_type":"article","og_title":"Cookie-suti-tajekoztato","og_description":"Ismerje meg, hogyan haszn\u00e1ljuk a s\u00fctiket weboldalunkon a jobb felhaszn\u00e1l\u00f3i \u00e9lm\u00e9ny \u00e9rdek\u00e9ben. T\u00e1j\u00e9koztat\u00e1s a s\u00fctik t\u00edpusair\u00f3l, kezel\u00e9s\u00e9r\u0151l \u00e9s adatv\u00e9delmi szab\u00e1lyzatunkr\u00f3l.","og_url":"https:\/\/tuzpartner.hu\/de\/suti-tajekoztato\/","og_site_name":"T\u0171z-Partner","article_modified_time":"2025-07-08T19:03:18+00:00","twitter_card":"summary_large_image","twitter_misc":{"Gesch\u00e4tzte Lesezeit":"5\u00a0Minuten"},"schema":{"@context":"https:\/\/schema.org","@graph":[{"@type":"WebPage","@id":"https:\/\/tuzpartner.hu\/suti-tajekoztato\/","url":"https:\/\/tuzpartner.hu\/suti-tajekoztato\/","name":"T\u0171z-partner s\u00fcti t\u00e1j\u00e9koztat\u00f3","isPartOf":{"@id":"https:\/\/tuzpartner.hu\/#website"},"datePublished":"2025-03-16T10:28:10+00:00","dateModified":"2025-07-08T19:03:18+00:00","description":"Ismerje meg, hogyan haszn\u00e1ljuk a s\u00fctiket weboldalunkon a jobb felhaszn\u00e1l\u00f3i \u00e9lm\u00e9ny \u00e9rdek\u00e9ben. T\u00e1j\u00e9koztat\u00e1s a s\u00fctik t\u00edpusair\u00f3l, kezel\u00e9s\u00e9r\u0151l \u00e9s adatv\u00e9delmi szab\u00e1lyzatunkr\u00f3l.","breadcrumb":{"@id":"https:\/\/tuzpartner.hu\/suti-tajekoztato\/#breadcrumb"},"inLanguage":"de","potentialAction":[{"@type":"ReadAction","target":["https:\/\/tuzpartner.hu\/suti-tajekoztato\/"]}]},{"@type":"BreadcrumbList","@id":"https:\/\/tuzpartner.hu\/suti-tajekoztato\/#breadcrumb","itemListElement":[{"@type":"ListItem","position":1,"name":"Kezd\u0151lap","item":"https:\/\/tuzpartner.hu\/"},{"@type":"ListItem","position":2,"name":"Cookie-suti-tajekoztato"}]},{"@type":"WebSite","@id":"https:\/\/tuzpartner.hu\/#website","url":"https:\/\/tuzpartner.hu\/","name":"tp-house","description":"T\u0171z-Partner \u2013 Min\u0151s\u00e9g ami \u00f6sszek\u00f6t...","publisher":{"@id":"https:\/\/tuzpartner.hu\/#organization"},"potentialAction":[{"@type":"SearchAction","target":{"@type":"EntryPoint","urlTemplate":"https:\/\/tuzpartner.hu\/?s={search_term_string}"},"query-input":{"@type":"PropertyValueSpecification","valueRequired":true,"valueName":"search_term_string"}}],"inLanguage":"de"},{"@type":"Organization","@id":"https:\/\/tuzpartner.hu\/#organization","name":"tp-house","url":"https:\/\/tuzpartner.hu\/","logo":{"@type":"ImageObject","inLanguage":"de","@id":"https:\/\/tuzpartner.hu\/#\/schema\/logo\/image\/","url":"https:\/\/tuzpartner.hu\/wp-content\/uploads\/2025\/06\/cropped-logo360xy__1_-removebg-preview.png","contentUrl":"https:\/\/tuzpartner.hu\/wp-content\/uploads\/2025\/06\/cropped-logo360xy__1_-removebg-preview.png","width":512,"height":512,"caption":"tp-house"},"image":{"@id":"https:\/\/tuzpartner.hu\/#\/schema\/logo\/image\/"}}]}},"_links":{"self":[{"href":"https:\/\/tuzpartner.hu\/de\/wp-json\/wp\/v2\/pages\/4159","targetHints":{"allow":["GET"]}}],"collection":[{"href":"https:\/\/tuzpartner.hu\/de\/wp-json\/wp\/v2\/pages"}],"about":[{"href":"https:\/\/tuzpartner.hu\/de\/wp-json\/wp\/v2\/types\/page"}],"author":[{"embeddable":true,"href":"https:\/\/tuzpartner.hu\/de\/wp-json\/wp\/v2\/users\/1"}],"replies":[{"embeddable":true,"href":"https:\/\/tuzpartner.hu\/de\/wp-json\/wp\/v2\/comments?post=4159"}],"version-history":[{"count":0,"href":"https:\/\/tuzpartner.hu\/de\/wp-json\/wp\/v2\/pages\/4159\/revisions"}],"wp:attachment":[{"href":"https:\/\/tuzpartner.hu\/de\/wp-json\/wp\/v2\/media?parent=4159"}],"curies":[{"name":"wp","href":"https:\/\/api.w.org\/{rel}","templated":true}]}}